{"id":418,"date":"2025-06-21T00:14:05","date_gmt":"2025-06-20T22:14:05","guid":{"rendered":"https:\/\/www.becocoa.com\/?page_id=418"},"modified":"2025-06-24T04:51:23","modified_gmt":"2025-06-24T02:51:23","slug":"our-unique-flavor","status":"publish","type":"page","link":"https:\/\/www.becocoa.com\/es\/our-unique-flavor\/","title":{"rendered":"Nuestro sabor \u00fanico"},"content":{"rendered":"<div data-elementor-type=\"wp-page\" data-elementor-id=\"418\" class=\"elementor elementor-418\" data-elementor-settings=\"{&quot;ha_cmc_init_switcher&quot;:&quot;no&quot;}\" data-elementor-post-type=\"page\">\n\t\t\t\t<div class=\"elementor-element elementor-element-9ef7c0b e-flex e-con-boxed elementor-invisible e-con e-parent\" data-id=\"9ef7c0b\" data-element_type=\"container\" data-settings=\"{&quot;background_background&quot;:&quot;classic&quot;,&quot;animation&quot;:&quot;slideInUp&quot;,&quot;_ha_eqh_enable&quot;:false}\">\n\t\t\t\t\t<div class=\"e-con-inner\">\n\t\t\t\t<div class=\"elementor-element elementor-element-e94ecbf text-center elementor-widget elementor-widget-tp-heading-title\" data-id=\"e94ecbf\" data-element_type=\"widget\" data-widget_type=\"tp-heading-title.default\">\n\t\t\t\t<div class=\"elementor-widget-container\">\n\t\t\t\t\t<div class=\"heading heading_style heading_style69e0779f82d87 style-1\" ><div class=\"sub-style\" ><div class=\"sub-heading\"><h3 class=\"heading-sub-title\"> Sabores \u00fanicos <\/h3><\/div><\/div><\/div>\t\t\t\t<\/div>\n\t\t\t\t<\/div>\n\t\t\t\t<div class=\"elementor-element elementor-element-dbf1cb8 elementor-pagination-position-outside elementor-widget elementor-widget-image-carousel\" data-id=\"dbf1cb8\" data-element_type=\"widget\" data-settings=\"{&quot;slides_to_show&quot;:&quot;3&quot;,&quot;slides_to_show_mobile&quot;:&quot;3&quot;,&quot;slides_to_scroll&quot;:&quot;3&quot;,&quot;slides_to_scroll_mobile&quot;:&quot;3&quot;,&quot;navigation&quot;:&quot;dots&quot;,&quot;speed&quot;:300,&quot;autoplay&quot;:&quot;yes&quot;,&quot;pause_on_hover&quot;:&quot;yes&quot;,&quot;pause_on_interaction&quot;:&quot;yes&quot;,&quot;autoplay_speed&quot;:5000,&quot;infinite&quot;:&quot;yes&quot;}\" data-widget_type=\"image-carousel.default\">\n\t\t\t\t<div class=\"elementor-widget-container\">\n\t\t\t\t\t\t\t<div class=\"elementor-image-carousel-wrapper swiper\" role=\"region\" aria-roledescription=\"carousel\" aria-label=\"Carrusel de im\u00e1genes\" dir=\"ltr\">\n\t\t\t<div class=\"elementor-image-carousel swiper-wrapper\" aria-live=\"off\">\n\t\t\t\t\t\t\t\t<div class=\"swiper-slide\" role=\"group\" aria-roledescription=\"slide\" aria-label=\"1 of 9\"><figure class=\"swiper-slide-inner\"><img decoding=\"async\" class=\"swiper-slide-image\" src=\"https:\/\/www.becocoa.com\/wp-content\/uploads\/2025\/06\/UniqueFlavor9.jpg\" alt=\"UniqueFlavor9\" \/><\/figure><\/div><div class=\"swiper-slide\" role=\"group\" aria-roledescription=\"slide\" aria-label=\"2 of 9\"><figure class=\"swiper-slide-inner\"><img decoding=\"async\" class=\"swiper-slide-image\" src=\"https:\/\/www.becocoa.com\/wp-content\/uploads\/2025\/06\/UniqueFlavor7.jpg\" alt=\"UniqueFlavor7\" \/><\/figure><\/div><div class=\"swiper-slide\" role=\"group\" aria-roledescription=\"slide\" aria-label=\"3 of 9\"><figure class=\"swiper-slide-inner\"><img decoding=\"async\" class=\"swiper-slide-image\" src=\"https:\/\/www.becocoa.com\/wp-content\/uploads\/2025\/06\/UniqueFlavor6.jpg\" alt=\"UniqueFlavor6\" \/><\/figure><\/div><div class=\"swiper-slide\" role=\"group\" aria-roledescription=\"slide\" aria-label=\"4 of 9\"><figure class=\"swiper-slide-inner\"><img decoding=\"async\" class=\"swiper-slide-image\" src=\"https:\/\/www.becocoa.com\/wp-content\/uploads\/2025\/06\/UniqueFlavor1.jpg\" alt=\"UniqueFlavor1\" \/><\/figure><\/div><div class=\"swiper-slide\" role=\"group\" aria-roledescription=\"slide\" aria-label=\"5 of 9\"><figure class=\"swiper-slide-inner\"><img decoding=\"async\" class=\"swiper-slide-image\" src=\"https:\/\/www.becocoa.com\/wp-content\/uploads\/2025\/06\/UniqueFlavor2.jpg\" alt=\"UniqueFlavor2\" \/><\/figure><\/div><div class=\"swiper-slide\" role=\"group\" aria-roledescription=\"slide\" aria-label=\"6 of 9\"><figure class=\"swiper-slide-inner\"><img decoding=\"async\" class=\"swiper-slide-image\" src=\"https:\/\/www.becocoa.com\/wp-content\/uploads\/2025\/06\/UniqueFlavor3.jpg\" alt=\"UniqueFlavor3\" \/><\/figure><\/div><div class=\"swiper-slide\" role=\"group\" aria-roledescription=\"slide\" aria-label=\"7 of 9\"><figure class=\"swiper-slide-inner\"><img decoding=\"async\" class=\"swiper-slide-image\" src=\"https:\/\/www.becocoa.com\/wp-content\/uploads\/2025\/06\/UniqueFlavor5.jpg\" alt=\"UniqueFlavor5\" \/><\/figure><\/div><div class=\"swiper-slide\" role=\"group\" aria-roledescription=\"slide\" aria-label=\"8 of 9\"><figure class=\"swiper-slide-inner\"><img decoding=\"async\" class=\"swiper-slide-image\" src=\"https:\/\/www.becocoa.com\/wp-content\/uploads\/2025\/06\/UniqueFlavor4.jpg\" alt=\"UniqueFlavor4\" \/><\/figure><\/div><div class=\"swiper-slide\" role=\"group\" aria-roledescription=\"slide\" aria-label=\"9 of 9\"><figure class=\"swiper-slide-inner\"><img decoding=\"async\" class=\"swiper-slide-image\" src=\"https:\/\/www.becocoa.com\/wp-content\/uploads\/2025\/06\/UniqueFlavor8.jpg\" alt=\"UniqueFlavor8\" \/><\/figure><\/div>\t\t\t<\/div>\n\t\t\t\t\t\t\t\n\t\t\t\t\t\t\t\t\t<div class=\"swiper-pagination\"><\/div>\n\t\t\t\t\t\t\t\t\t<\/div>\n\t\t\t\t\t\t<\/div>\n\t\t\t\t<\/div>\n\t\t\t\t\t<\/div>\n\t\t\t\t<\/div>\n\t\t<div class=\"elementor-element elementor-element-9037e02 e-flex e-con-boxed elementor-invisible e-con e-parent\" data-id=\"9037e02\" data-element_type=\"container\" data-settings=\"{&quot;background_background&quot;:&quot;classic&quot;,&quot;animation&quot;:&quot;slideInUp&quot;,&quot;_ha_eqh_enable&quot;:false}\">\n\t\t\t\t\t<div class=\"e-con-inner\">\n\t\t<div class=\"elementor-element elementor-element-076b33e e-con-full e-flex e-con e-child\" data-id=\"076b33e\" data-element_type=\"container\" data-settings=\"{&quot;_ha_eqh_enable&quot;:false}\">\n\t\t\t\t<div class=\"elementor-element elementor-element-e8727a5 elementor-widget elementor-widget-heading\" data-id=\"e8727a5\" data-element_type=\"widget\" data-widget_type=\"heading.default\">\n\t\t\t\t<div class=\"elementor-widget-container\">\n\t\t\t\t\t<h2 class=\"elementor-heading-title elementor-size-default\">Cada pieza est\u00e1 cuidadosamente ELABORADA A MANO por talentosas mujeres, impregnando cada bocado con una calidad artesanal inigualable. Sum\u00e9rgete en el exquisito sabor del cacao 100% ecuatoriano. Nuestros sabores \u00fanicos te transportar\u00e1n a un mundo de placer y deleite.<\/h2>\t\t\t\t<\/div>\n\t\t\t\t<\/div>\n\t\t\t\t<div class=\"elementor-element elementor-element-439c642 elementor-widget elementor-widget-heading\" data-id=\"439c642\" data-element_type=\"widget\" data-widget_type=\"heading.default\">\n\t\t\t\t<div class=\"elementor-widget-container\">\n\t\t\t\t\t<h2 class=\"elementor-heading-title elementor-size-default\">Con BeCocoa Sabor \u00danico vivir\u00e1s una experiencia extraordinaria, una aut\u00e9ntica joya entre los chocolates.<\/h2>\t\t\t\t<\/div>\n\t\t\t\t<\/div>\n\t\t\t\t<\/div>\n\t\t\t\t\t<\/div>\n\t\t\t\t<\/div>\n\t\t<div class=\"elementor-element elementor-element-fc743bd e-flex e-con-boxed elementor-invisible e-con e-parent\" data-id=\"fc743bd\" data-element_type=\"container\" data-settings=\"{&quot;background_background&quot;:&quot;classic&quot;,&quot;animation&quot;:&quot;slideInUp&quot;,&quot;_ha_eqh_enable&quot;:false}\">\n\t\t\t\t\t<div class=\"e-con-inner\">\n\t\t<div class=\"elementor-element elementor-element-ae38ddd e-con-full e-flex e-con e-child\" data-id=\"ae38ddd\" data-element_type=\"container\" data-settings=\"{&quot;_ha_eqh_enable&quot;:false}\">\n\t\t\t\t<div class=\"elementor-element elementor-element-d173444 elementor-widget elementor-widget-image\" data-id=\"d173444\" data-element_type=\"widget\" data-widget_type=\"image.default\">\n\t\t\t\t<div class=\"elementor-widget-container\">\n\t\t\t\t\t\t\t\t\t\t\t\t\t\t\t<img fetchpriority=\"high\" decoding=\"async\" width=\"1024\" height=\"1024\" src=\"https:\/\/www.becocoa.com\/wp-content\/uploads\/2025\/06\/71-1024x1024.png\" class=\"attachment-large size-large wp-image-357\" alt=\"\" srcset=\"https:\/\/www.becocoa.com\/wp-content\/uploads\/2025\/06\/71-1024x1024.png 1024w, https:\/\/www.becocoa.com\/wp-content\/uploads\/2025\/06\/71-300x300.png 300w, https:\/\/www.becocoa.com\/wp-content\/uploads\/2025\/06\/71-100x100.png 100w, https:\/\/www.becocoa.com\/wp-content\/uploads\/2025\/06\/71-600x600.png 600w, https:\/\/www.becocoa.com\/wp-content\/uploads\/2025\/06\/71-150x150.png 150w, https:\/\/www.becocoa.com\/wp-content\/uploads\/2025\/06\/71-768x768.png 768w, https:\/\/www.becocoa.com\/wp-content\/uploads\/2025\/06\/71-1536x1536.png 1536w, https:\/\/www.becocoa.com\/wp-content\/uploads\/2025\/06\/71-12x12.png 12w, https:\/\/www.becocoa.com\/wp-content\/uploads\/2025\/06\/71-700x700.png 700w, https:\/\/www.becocoa.com\/wp-content\/uploads\/2025\/06\/71.png 1654w\" sizes=\"(max-width: 1024px) 100vw, 1024px\" \/>\t\t\t\t\t\t\t\t\t\t\t\t\t\t\t<\/div>\n\t\t\t\t<\/div>\n\t\t\t\t<div class=\"elementor-element elementor-element-fc6d342 elementor-widget elementor-widget-heading\" data-id=\"fc6d342\" data-element_type=\"widget\" data-widget_type=\"heading.default\">\n\t\t\t\t<div class=\"elementor-widget-container\">\n\t\t\t\t\t<h2 class=\"elementor-heading-title elementor-size-default\">CADA PIEZA EST\u00c1 CUIDADOSAMENTE HECHA A MANO POR MUJERES TALENTOSAS, INFUNDIENDO CADA BOCADO CON UNA CALIDAD ARTESANAL INIGUALABLE<\/h2>\t\t\t\t<\/div>\n\t\t\t\t<\/div>\n\t\t\t\t<div class=\"elementor-element elementor-element-3c74434 elementor-widget elementor-widget-heading\" data-id=\"3c74434\" data-element_type=\"widget\" data-widget_type=\"heading.default\">\n\t\t\t\t<div class=\"elementor-widget-container\">\n\t\t\t\t\t<h2 class=\"elementor-heading-title elementor-size-default\">El regalo perfecto: Del\u00e9itese con nuestra selecci\u00f3n artesanal de trufas y bombones, cada uno rebosante de exquisitos sabores. Un detalle especial para cualquier celebraci\u00f3n.<\/h2>\t\t\t\t<\/div>\n\t\t\t\t<\/div>\n\t\t\t\t<div class=\"elementor-element elementor-element-0772837 elementor-widget elementor-widget-heading\" data-id=\"0772837\" data-element_type=\"widget\" data-widget_type=\"heading.default\">\n\t\t\t\t<div class=\"elementor-widget-container\">\n\t\t\t\t\t<h2 class=\"elementor-heading-title elementor-size-default\">LOS INGREDIENTES CARACTER\u00cdSTICOS DEL ECUADOR NO SOLO SON INTENSOS EN SABOR, SINO QUE TAMBI\u00c9N SE DESTACAN POR CONCENTRAR PROPIEDADES SALUDABLES, COMO LOS ANTIOXIDANTES QUE SE PRESENTAN EN MAYOR CANTIDAD EN FRUTAS, CULTIVADAS EN ALTITUD Y EXPUESTAS AL SOL DEL ECUADOR<\/h2>\t\t\t\t<\/div>\n\t\t\t\t<\/div>\n\t\t\t\t<\/div>\n\t\t\t\t\t<\/div>\n\t\t\t\t<\/div>\n\t\t<div class=\"elementor-element elementor-element-37a61f9 e-flex e-con-boxed e-con e-parent\" data-id=\"37a61f9\" data-element_type=\"container\" data-settings=\"{&quot;background_background&quot;:&quot;classic&quot;,&quot;_ha_eqh_enable&quot;:false}\">\n\t\t\t\t\t<div class=\"e-con-inner\">\n\t\t\t\t<div class=\"elementor-element elementor-element-ef8e0f9 text--mobilecenter text-center elementor-widget elementor-widget-tp-heading-title\" data-id=\"ef8e0f9\" data-element_type=\"widget\" data-widget_type=\"tp-heading-title.default\">\n\t\t\t\t<div class=\"elementor-widget-container\">\n\t\t\t\t\t<div class=\"heading heading_style heading_style69e0779f83409 style-1\" ><div class=\"sub-style\" ><div class=\"head-title\" > <p  class=\"heading-title\"  data-hover=\"EXPERIENCE EXCELLENCE: VISIT OUR ONLINE STORE AND EXPLORE OUR EXCLUSIVE COLLECTION OF ARTISANAL BONBONS AND TRUFFLES\u2014THE PERFECT WAY TO DELIGHT YOUR LOVED ONES\">VIVA LA EXCELENCIA: VISITE NUESTRA TIENDA EN L\u00cdNEA Y EXPLORE NUESTRA COLECCI\u00d3N EXCLUSIVA DE BOMBONES Y TRUFAS ARTESANALES: LA FORMA PERFECTA DE DELEITAR A SUS SERES QUERIDOS<span class=\"title-s\">  <\/span><\/p><\/div><\/div><\/div>\t\t\t\t<\/div>\n\t\t\t\t<\/div>\n\t\t\t\t<div class=\"elementor-element elementor-element-e3c2148 elementor-mobile-align-justify elementor-align-center elementor-widget__width-initial elementor-widget elementor-widget-button\" data-id=\"e3c2148\" data-element_type=\"widget\" data-widget_type=\"button.default\">\n\t\t\t\t<div class=\"elementor-widget-container\">\n\t\t\t\t\t\t\t\t\t<div class=\"elementor-button-wrapper\">\n\t\t\t\t\t<a class=\"elementor-button elementor-button-link elementor-size-sm\" href=\"https:\/\/www.becocoa.com\/es\/shop\/\">\n\t\t\t\t\t\t<span class=\"elementor-button-content-wrapper\">\n\t\t\t\t\t\t\t\t\t<span class=\"elementor-button-text\">COMPRAR AHORA<\/span>\n\t\t\t\t\t<\/span>\n\t\t\t\t\t<\/a>\n\t\t\t\t<\/div>\n\t\t\t\t\t\t\t\t<\/div>\n\t\t\t\t<\/div>\n\t\t\t\t\t<\/div>\n\t\t\t\t<\/div>\n\t\t<div class=\"elementor-element elementor-element-50cc942 e-flex e-con-boxed elementor-invisible e-con e-parent\" data-id=\"50cc942\" data-element_type=\"container\" data-settings=\"{&quot;background_background&quot;:&quot;classic&quot;,&quot;animation&quot;:&quot;slideInUp&quot;,&quot;_ha_eqh_enable&quot;:false}\">\n\t\t\t\t\t<div class=\"e-con-inner\">\n\t\t\t\t<div class=\"elementor-element elementor-element-715ba20 text-center elementor-widget elementor-widget-tp-heading-title\" data-id=\"715ba20\" data-element_type=\"widget\" data-widget_type=\"tp-heading-title.default\">\n\t\t\t\t<div class=\"elementor-widget-container\">\n\t\t\t\t\t<div class=\"heading heading_style heading_style69e0779f83a15 style-1\" ><div class=\"sub-style\" ><div class=\"sub-heading\"><h3 class=\"heading-sub-title\"> Nuestro sabor \u00fanico <\/h3><\/div><\/div><\/div>\t\t\t\t<\/div>\n\t\t\t\t<\/div>\n\t\t<div class=\"elementor-element elementor-element-1368e48 e-grid e-con-full e-con e-child\" data-id=\"1368e48\" data-element_type=\"container\" data-settings=\"{&quot;_ha_eqh_enable&quot;:false}\">\n\t\t\t\t<div class=\"elementor-element elementor-element-0269620 elementor-position-top elementor-widget elementor-widget-image-box\" data-id=\"0269620\" data-element_type=\"widget\" data-widget_type=\"image-box.default\">\n\t\t\t\t<div class=\"elementor-widget-container\">\n\t\t\t\t\t<div class=\"elementor-image-box-wrapper\"><figure class=\"elementor-image-box-img\"><img decoding=\"async\" width=\"1200\" height=\"800\" src=\"https:\/\/www.becocoa.com\/wp-content\/uploads\/2025\/06\/UniqueFlavor10.jpg\" class=\"attachment-full size-full wp-image-592\" alt=\"\" srcset=\"https:\/\/www.becocoa.com\/wp-content\/uploads\/2025\/06\/UniqueFlavor10.jpg 1200w, https:\/\/www.becocoa.com\/wp-content\/uploads\/2025\/06\/UniqueFlavor10-600x400.jpg 600w, https:\/\/www.becocoa.com\/wp-content\/uploads\/2025\/06\/UniqueFlavor10-300x200.jpg 300w, https:\/\/www.becocoa.com\/wp-content\/uploads\/2025\/06\/UniqueFlavor10-1024x683.jpg 1024w, https:\/\/www.becocoa.com\/wp-content\/uploads\/2025\/06\/UniqueFlavor10-768x512.jpg 768w, https:\/\/www.becocoa.com\/wp-content\/uploads\/2025\/06\/UniqueFlavor10-18x12.jpg 18w\" sizes=\"(max-width: 1200px) 100vw, 1200px\" \/><\/figure><div class=\"elementor-image-box-content\"><h3 class=\"elementor-image-box-title\">SABORES INTENSOS<\/h3><\/div><\/div>\t\t\t\t<\/div>\n\t\t\t\t<\/div>\n\t\t\t\t<div class=\"elementor-element elementor-element-c5069a3 elementor-position-top elementor-widget elementor-widget-image-box\" data-id=\"c5069a3\" data-element_type=\"widget\" data-widget_type=\"image-box.default\">\n\t\t\t\t<div class=\"elementor-widget-container\">\n\t\t\t\t\t<div class=\"elementor-image-box-wrapper\"><figure class=\"elementor-image-box-img\"><img decoding=\"async\" width=\"1200\" height=\"800\" src=\"https:\/\/www.becocoa.com\/wp-content\/uploads\/2025\/06\/UniqueFlavor11.jpg\" class=\"attachment-full size-full wp-image-591\" alt=\"\" srcset=\"https:\/\/www.becocoa.com\/wp-content\/uploads\/2025\/06\/UniqueFlavor11.jpg 1200w, https:\/\/www.becocoa.com\/wp-content\/uploads\/2025\/06\/UniqueFlavor11-600x400.jpg 600w, https:\/\/www.becocoa.com\/wp-content\/uploads\/2025\/06\/UniqueFlavor11-300x200.jpg 300w, https:\/\/www.becocoa.com\/wp-content\/uploads\/2025\/06\/UniqueFlavor11-1024x683.jpg 1024w, https:\/\/www.becocoa.com\/wp-content\/uploads\/2025\/06\/UniqueFlavor11-768x512.jpg 768w, https:\/\/www.becocoa.com\/wp-content\/uploads\/2025\/06\/UniqueFlavor11-18x12.jpg 18w\" sizes=\"(max-width: 1200px) 100vw, 1200px\" \/><\/figure><div class=\"elementor-image-box-content\"><h3 class=\"elementor-image-box-title\">NUESTROS PRALINES EST\u00c1N LIBRES DE ACEITE DE PALMA<\/h3><\/div><\/div>\t\t\t\t<\/div>\n\t\t\t\t<\/div>\n\t\t\t\t<div class=\"elementor-element elementor-element-19c7454 elementor-position-top elementor-widget elementor-widget-image-box\" data-id=\"19c7454\" data-element_type=\"widget\" data-widget_type=\"image-box.default\">\n\t\t\t\t<div class=\"elementor-widget-container\">\n\t\t\t\t\t<div class=\"elementor-image-box-wrapper\"><figure class=\"elementor-image-box-img\"><img loading=\"lazy\" decoding=\"async\" width=\"1200\" height=\"800\" src=\"https:\/\/www.becocoa.com\/wp-content\/uploads\/2025\/06\/UniqueFlavor12.jpg\" class=\"attachment-full size-full wp-image-590\" alt=\"\" srcset=\"https:\/\/www.becocoa.com\/wp-content\/uploads\/2025\/06\/UniqueFlavor12.jpg 1200w, https:\/\/www.becocoa.com\/wp-content\/uploads\/2025\/06\/UniqueFlavor12-600x400.jpg 600w, https:\/\/www.becocoa.com\/wp-content\/uploads\/2025\/06\/UniqueFlavor12-300x200.jpg 300w, https:\/\/www.becocoa.com\/wp-content\/uploads\/2025\/06\/UniqueFlavor12-1024x683.jpg 1024w, https:\/\/www.becocoa.com\/wp-content\/uploads\/2025\/06\/UniqueFlavor12-768x512.jpg 768w, https:\/\/www.becocoa.com\/wp-content\/uploads\/2025\/06\/UniqueFlavor12-18x12.jpg 18w\" sizes=\"(max-width: 1200px) 100vw, 1200px\" \/><\/figure><div class=\"elementor-image-box-content\"><h3 class=\"elementor-image-box-title\">PROPIEDADES SALUDABLES<\/h3><\/div><\/div>\t\t\t\t<\/div>\n\t\t\t\t<\/div>\n\t\t\t\t<\/div>\n\t\t\t\t<div class=\"elementor-element elementor-element-4134de8 elementor-align-justify elementor-widget__width-initial elementor-widget-mobile__width-initial elementor-widget elementor-widget-button\" data-id=\"4134de8\" data-element_type=\"widget\" data-widget_type=\"button.default\">\n\t\t\t\t<div class=\"elementor-widget-container\">\n\t\t\t\t\t\t\t\t\t<div class=\"elementor-button-wrapper\">\n\t\t\t\t\t<a class=\"elementor-button elementor-button-link elementor-size-sm\" href=\"https:\/\/www.becocoa.com\/es\/shop\/\">\n\t\t\t\t\t\t<span class=\"elementor-button-content-wrapper\">\n\t\t\t\t\t\t\t\t\t<span class=\"elementor-button-text\">COMPRAR AHORA<\/span>\n\t\t\t\t\t<\/span>\n\t\t\t\t\t<\/a>\n\t\t\t\t<\/div>\n\t\t\t\t\t\t\t\t<\/div>\n\t\t\t\t<\/div>\n\t\t\t\t\t<\/div>\n\t\t\t\t<\/div>\n\t\t\t\t<\/div>","protected":false},"excerpt":{"rendered":"<p>Unique Flavor Each piece is carefully HANDCRAFTED by talented women, infusing every bite with unmatched artisanal quality. Inmerse yourself in the exquisite flavor of 100% Ecuadorian Cacao. Our unique flavors will transport you to a world of indulgence and delight. With BeCocoa Unique Flavor you&#8217;re living an extraordinary experience, a true gem among chocolates. EACH &#8230; <a title=\"Nuestro sabor \u00fanico\" class=\"read-more\" href=\"https:\/\/www.becocoa.com\/es\/our-unique-flavor\/\" aria-label=\"Read more about Our Unique Flavor\">Leer m\u00e1s<\/a><\/p>","protected":false},"author":1,"featured_media":0,"parent":0,"menu_order":0,"comment_status":"closed","ping_status":"closed","template":"elementor_header_footer","meta":{"footnotes":""},"class_list":["post-418","page","type-page","status-publish"],"yoast_head":"<!-- This site is optimized with the Yoast SEO plugin v25.3.1 - https:\/\/yoast.com\/wordpress\/plugins\/seo\/ -->\n<title>Our Unique Flavor - BeCocoa - 100% Ecuadorian Cacao Sourced<\/title>\n<meta name=\"robots\" content=\"index, follow, max-snippet:-1, max-image-preview:large, max-video-preview:-1\" \/>\n<link rel=\"canonical\" href=\"https:\/\/www.becocoa.com\/es\/our-unique-flavor\/\" \/>\n<meta property=\"og:locale\" content=\"es_ES\" \/>\n<meta property=\"og:type\" content=\"article\" \/>\n<meta property=\"og:title\" content=\"Our Unique Flavor - BeCocoa - 100% Ecuadorian Cacao Sourced\" \/>\n<meta property=\"og:description\" content=\"Unique Flavor Each piece is carefully HANDCRAFTED by talented women, infusing every bite with unmatched artisanal quality. Inmerse yourself in the exquisite flavor of 100% Ecuadorian Cacao. Our unique flavors will transport you to a world of indulgence and delight. With BeCocoa Unique Flavor you&#8217;re living an extraordinary experience, a true gem among chocolates. EACH ... Leer m\u00e1s\" \/>\n<meta property=\"og:url\" content=\"https:\/\/www.becocoa.com\/es\/our-unique-flavor\/\" \/>\n<meta property=\"og:site_name\" content=\"BeCocoa - 100% Ecuadorian Cacao Sourced\" \/>\n<meta property=\"article:modified_time\" content=\"2025-06-24T02:51:23+00:00\" \/>\n<meta property=\"og:image\" content=\"https:\/\/www.becocoa.com\/wp-content\/uploads\/2025\/06\/UniqueFlavor9.jpg\" \/>\n<meta name=\"twitter:card\" content=\"summary_large_image\" \/>\n<meta name=\"twitter:label1\" content=\"Tiempo de lectura\" \/>\n\t<meta name=\"twitter:data1\" content=\"5 minutos\" \/>\n<script type=\"application\/ld+json\" class=\"yoast-schema-graph\">{\"@context\":\"https:\/\/schema.org\",\"@graph\":[{\"@type\":\"WebPage\",\"@id\":\"https:\/\/www.becocoa.com\/our-unique-flavor\/\",\"url\":\"https:\/\/www.becocoa.com\/our-unique-flavor\/\",\"name\":\"Our Unique Flavor - BeCocoa - 100% Ecuadorian Cacao Sourced\",\"isPartOf\":{\"@id\":\"https:\/\/www.becocoa.com\/#website\"},\"primaryImageOfPage\":{\"@id\":\"https:\/\/www.becocoa.com\/our-unique-flavor\/#primaryimage\"},\"image\":{\"@id\":\"https:\/\/www.becocoa.com\/our-unique-flavor\/#primaryimage\"},\"thumbnailUrl\":\"https:\/\/www.becocoa.com\/wp-content\/uploads\/2025\/06\/UniqueFlavor9.jpg\",\"datePublished\":\"2025-06-20T22:14:05+00:00\",\"dateModified\":\"2025-06-24T02:51:23+00:00\",\"breadcrumb\":{\"@id\":\"https:\/\/www.becocoa.com\/our-unique-flavor\/#breadcrumb\"},\"inLanguage\":\"es\",\"potentialAction\":[{\"@type\":\"ReadAction\",\"target\":[\"https:\/\/www.becocoa.com\/our-unique-flavor\/\"]}]},{\"@type\":\"ImageObject\",\"inLanguage\":\"es\",\"@id\":\"https:\/\/www.becocoa.com\/our-unique-flavor\/#primaryimage\",\"url\":\"https:\/\/www.becocoa.com\/wp-content\/uploads\/2025\/06\/UniqueFlavor9.jpg\",\"contentUrl\":\"https:\/\/www.becocoa.com\/wp-content\/uploads\/2025\/06\/UniqueFlavor9.jpg\"},{\"@type\":\"BreadcrumbList\",\"@id\":\"https:\/\/www.becocoa.com\/our-unique-flavor\/#breadcrumb\",\"itemListElement\":[{\"@type\":\"ListItem\",\"position\":1,\"name\":\"Portada\",\"item\":\"https:\/\/www.becocoa.com\/\"},{\"@type\":\"ListItem\",\"position\":2,\"name\":\"Our Unique Flavor\"}]},{\"@type\":\"WebSite\",\"@id\":\"https:\/\/www.becocoa.com\/#website\",\"url\":\"https:\/\/www.becocoa.com\/\",\"name\":\"BeCocoa - 100% Ecuadorian Cacao Sourced\",\"description\":\"BeCocoa, where ancestral knowledge meets modern luxury in every crafted cacao creation.\",\"potentialAction\":[{\"@type\":\"SearchAction\",\"target\":{\"@type\":\"EntryPoint\",\"urlTemplate\":\"https:\/\/www.becocoa.com\/?s={search_term_string}\"},\"query-input\":{\"@type\":\"PropertyValueSpecification\",\"valueRequired\":true,\"valueName\":\"search_term_string\"}}],\"inLanguage\":\"es\"}]}<\/script>\n<!-- \/ Yoast SEO plugin. -->","yoast_head_json":{"title":"Our Unique Flavor - BeCocoa - 100% Ecuadorian Cacao Sourced","robots":{"index":"index","follow":"follow","max-snippet":"max-snippet:-1","max-image-preview":"max-image-preview:large","max-video-preview":"max-video-preview:-1"},"canonical":"https:\/\/www.becocoa.com\/es\/our-unique-flavor\/","og_locale":"es_ES","og_type":"article","og_title":"Our Unique Flavor - BeCocoa - 100% Ecuadorian Cacao Sourced","og_description":"Unique Flavor Each piece is carefully HANDCRAFTED by talented women, infusing every bite with unmatched artisanal quality. Inmerse yourself in the exquisite flavor of 100% Ecuadorian Cacao. Our unique flavors will transport you to a world of indulgence and delight. With BeCocoa Unique Flavor you&#8217;re living an extraordinary experience, a true gem among chocolates. EACH ... Leer m\u00e1s","og_url":"https:\/\/www.becocoa.com\/es\/our-unique-flavor\/","og_site_name":"BeCocoa - 100% Ecuadorian Cacao Sourced","article_modified_time":"2025-06-24T02:51:23+00:00","og_image":[{"url":"https:\/\/www.becocoa.com\/wp-content\/uploads\/2025\/06\/UniqueFlavor9.jpg","type":"","width":"","height":""}],"twitter_card":"summary_large_image","twitter_misc":{"Tiempo de lectura":"5 minutos"},"schema":{"@context":"https:\/\/schema.org","@graph":[{"@type":"WebPage","@id":"https:\/\/www.becocoa.com\/our-unique-flavor\/","url":"https:\/\/www.becocoa.com\/our-unique-flavor\/","name":"Our Unique Flavor - BeCocoa - 100% Ecuadorian Cacao Sourced","isPartOf":{"@id":"https:\/\/www.becocoa.com\/#website"},"primaryImageOfPage":{"@id":"https:\/\/www.becocoa.com\/our-unique-flavor\/#primaryimage"},"image":{"@id":"https:\/\/www.becocoa.com\/our-unique-flavor\/#primaryimage"},"thumbnailUrl":"https:\/\/www.becocoa.com\/wp-content\/uploads\/2025\/06\/UniqueFlavor9.jpg","datePublished":"2025-06-20T22:14:05+00:00","dateModified":"2025-06-24T02:51:23+00:00","breadcrumb":{"@id":"https:\/\/www.becocoa.com\/our-unique-flavor\/#breadcrumb"},"inLanguage":"es","potentialAction":[{"@type":"ReadAction","target":["https:\/\/www.becocoa.com\/our-unique-flavor\/"]}]},{"@type":"ImageObject","inLanguage":"es","@id":"https:\/\/www.becocoa.com\/our-unique-flavor\/#primaryimage","url":"https:\/\/www.becocoa.com\/wp-content\/uploads\/2025\/06\/UniqueFlavor9.jpg","contentUrl":"https:\/\/www.becocoa.com\/wp-content\/uploads\/2025\/06\/UniqueFlavor9.jpg"},{"@type":"BreadcrumbList","@id":"https:\/\/www.becocoa.com\/our-unique-flavor\/#breadcrumb","itemListElement":[{"@type":"ListItem","position":1,"name":"Portada","item":"https:\/\/www.becocoa.com\/"},{"@type":"ListItem","position":2,"name":"Our Unique Flavor"}]},{"@type":"WebSite","@id":"https:\/\/www.becocoa.com\/#website","url":"https:\/\/www.becocoa.com\/","name":"BeCocoa - 100% Ecuadorian Cacao Sourced","description":"BeCocoa, where ancestral knowledge meets modern luxury in every crafted cacao creation.","potentialAction":[{"@type":"SearchAction","target":{"@type":"EntryPoint","urlTemplate":"https:\/\/www.becocoa.com\/?s={search_term_string}"},"query-input":{"@type":"PropertyValueSpecification","valueRequired":true,"valueName":"search_term_string"}}],"inLanguage":"es"}]}},"jetpack_sharing_enabled":true,"_links":{"self":[{"href":"https:\/\/www.becocoa.com\/es\/wp-json\/wp\/v2\/pages\/418","targetHints":{"allow":["GET"]}}],"collection":[{"href":"https:\/\/www.becocoa.com\/es\/wp-json\/wp\/v2\/pages"}],"about":[{"href":"https:\/\/www.becocoa.com\/es\/wp-json\/wp\/v2\/types\/page"}],"author":[{"embeddable":true,"href":"https:\/\/www.becocoa.com\/es\/wp-json\/wp\/v2\/users\/1"}],"replies":[{"embeddable":true,"href":"https:\/\/www.becocoa.com\/es\/wp-json\/wp\/v2\/comments?post=418"}],"version-history":[{"count":31,"href":"https:\/\/www.becocoa.com\/es\/wp-json\/wp\/v2\/pages\/418\/revisions"}],"predecessor-version":[{"id":696,"href":"https:\/\/www.becocoa.com\/es\/wp-json\/wp\/v2\/pages\/418\/revisions\/696"}],"wp:attachment":[{"href":"https:\/\/www.becocoa.com\/es\/wp-json\/wp\/v2\/media?parent=418"}],"curies":[{"name":"wp","href":"https:\/\/api.w.org\/{rel}","templated":true}]}}